{"id":8,"date":"2021-10-16T22:17:30","date_gmt":"2021-10-16T20:17:30","guid":{"rendered":"http:\/\/www.vosges-avocat.fr\/?page_id=8"},"modified":"2021-10-16T22:30:41","modified_gmt":"2021-10-16T20:30:41","slug":"accueil","status":"publish","type":"page","link":"http:\/\/www.vosges-avocat.fr\/","title":{"rendered":"Pr\u00e9sentation"},"content":{"rendered":"\n<p>Apr\u00e8s des \u00e9tudes tourn\u00e9es vers le droit priv\u00e9, Ma\u00eetre Julien HEDON a pr\u00eat\u00e9 serment le 6 janvier 2015.<\/p>\n\n\n\n<p>Il exerce son activit\u00e9 \u00e0 Epinal et peut vous assister devant les juridictions des Vosges et de Meurthe et Moselle.<\/p>\n\n\n\n<p>Il exerce principalement en droit civil, droit p\u00e9nal, droit de la famille et droit du travail.<\/p>\n","protected":false},"excerpt":{"rendered":"<p>Apr\u00e8s des \u00e9tudes tourn\u00e9es vers le droit priv\u00e9, Ma\u00eetre Julien HEDON a pr\u00eat\u00e9 serment le 6 janvier 2015. Il exerce son activit\u00e9 \u00e0 Epinal et peut vous assister devant les juridictions des Vosges et de Meurthe et Moselle. Il exerce principalement en droit civil, droit p\u00e9nal, droit de la famille et droit du travail.<\/p>\n","protected":false},"author":1,"featured_media":0,"parent":0,"menu_order":0,"comment_status":"closed","ping_status":"closed","template":"","meta":{"footnotes":""},"class_list":["post-8","page","type-page","status-publish","hentry"],"_links":{"self":[{"href":"http:\/\/www.vosges-avocat.fr\/index.php\/wp-json\/wp\/v2\/pages\/8","targetHints":{"allow":["GET"]}}],"collection":[{"href":"http:\/\/www.vosges-avocat.fr\/index.php\/wp-json\/wp\/v2\/pages"}],"about":[{"href":"http:\/\/www.vosges-avocat.fr\/index.php\/wp-json\/wp\/v2\/types\/page"}],"author":[{"embeddable":true,"href":"http:\/\/www.vosges-avocat.fr\/index.php\/wp-json\/wp\/v2\/users\/1"}],"replies":[{"embeddable":true,"href":"http:\/\/www.vosges-avocat.fr\/index.php\/wp-json\/wp\/v2\/comments?post=8"}],"version-history":[{"count":3,"href":"http:\/\/www.vosges-avocat.fr\/index.php\/wp-json\/wp\/v2\/pages\/8\/revisions"}],"predecessor-version":[{"id":31,"href":"http:\/\/www.vosges-avocat.fr\/index.php\/wp-json\/wp\/v2\/pages\/8\/revisions\/31"}],"wp:attachment":[{"href":"http:\/\/www.vosges-avocat.fr\/index.php\/wp-json\/wp\/v2\/media?parent=8"}],"curies":[{"name":"wp","href":"https:\/\/api.w.org\/{rel}","templated":true}]}}