{"id":2,"date":"2021-10-16T22:11:33","date_gmt":"2021-10-16T20:11:33","guid":{"rendered":"http:\/\/www.vosges-avocat.fr\/?page_id=2"},"modified":"2021-10-17T17:45:16","modified_gmt":"2021-10-17T15:45:16","slug":"espace-client","status":"publish","type":"page","link":"http:\/\/www.vosges-avocat.fr\/index.php\/espace-client\/","title":{"rendered":"Espace client"},"content":{"rendered":"\n<div class=\"wp-block-buttons is-layout-flex wp-block-buttons-is-layout-flex\"><\/div>\n\n\n\n<p>Si vous disposez d&#8217;un compte client, vous pouvez utiliser les identifiants qui vous ont \u00e9t\u00e9 adress\u00e9s par email pour vous connecter et suivre l&#8217;avancement de votre dossier et consulter les documents mis \u00e0 votre disposition.<\/p>\n\n\n\n<div class=\"wp-block-buttons is-layout-flex wp-block-buttons-is-layout-flex\">\n<div class=\"wp-block-button\"><a class=\"wp-block-button__link\" href=\"https:\/\/espaceclient.secib.fr\/\" target=\"_blank\" rel=\"noreferrer noopener\">Se connecter \u00e0 l&#8217;espace client<\/a><\/div>\n<\/div>\n\n\n\n<p><\/p>\n\n\n\n<p>Si vous \u00eates d\u00e9j\u00e0 client mais que vous ne disposez pas encore de vos identifiants, vous pouvez les demander en \u00e9crivant un email \u00e0 l&#8217;adresse : <a href=\"mailto:contact@hedon-avocat.fr\" data-type=\"mailto\" data-id=\"mailto:contact@hedon-avocat.fr\">contact@hedon-avocat.fr<\/a><\/p>\n","protected":false},"excerpt":{"rendered":"<p>Si vous disposez d&#8217;un compte client, vous pouvez utiliser les identifiants qui vous ont \u00e9t\u00e9 adress\u00e9s par email pour vous connecter et suivre l&#8217;avancement de votre dossier et consulter les documents mis \u00e0 votre disposition. Si vous \u00eates d\u00e9j\u00e0 client mais que vous ne disposez pas encore de vos identifiants, vous pouvez les demander en &hellip; <\/p>\n<p class=\"link-more\"><a href=\"http:\/\/www.vosges-avocat.fr\/index.php\/espace-client\/\" class=\"more-link\">Continue reading<span class=\"screen-reader-text\"> &#8220;Espace client&#8221;<\/span><\/a><\/p>\n","protected":false},"author":1,"featured_media":52,"parent":0,"menu_order":0,"comment_status":"closed","ping_status":"closed","template":"","meta":{"footnotes":""},"class_list":["post-2","page","type-page","status-publish","has-post-thumbnail","hentry"],"_links":{"self":[{"href":"http:\/\/www.vosges-avocat.fr\/index.php\/wp-json\/wp\/v2\/pages\/2","targetHints":{"allow":["GET"]}}],"collection":[{"href":"http:\/\/www.vosges-avocat.fr\/index.php\/wp-json\/wp\/v2\/pages"}],"about":[{"href":"http:\/\/www.vosges-avocat.fr\/index.php\/wp-json\/wp\/v2\/types\/page"}],"author":[{"embeddable":true,"href":"http:\/\/www.vosges-avocat.fr\/index.php\/wp-json\/wp\/v2\/users\/1"}],"replies":[{"embeddable":true,"href":"http:\/\/www.vosges-avocat.fr\/index.php\/wp-json\/wp\/v2\/comments?post=2"}],"version-history":[{"count":4,"href":"http:\/\/www.vosges-avocat.fr\/index.php\/wp-json\/wp\/v2\/pages\/2\/revisions"}],"predecessor-version":[{"id":58,"href":"http:\/\/www.vosges-avocat.fr\/index.php\/wp-json\/wp\/v2\/pages\/2\/revisions\/58"}],"wp:featuredmedia":[{"embeddable":true,"href":"http:\/\/www.vosges-avocat.fr\/index.php\/wp-json\/wp\/v2\/media\/52"}],"wp:attachment":[{"href":"http:\/\/www.vosges-avocat.fr\/index.php\/wp-json\/wp\/v2\/media?parent=2"}],"curies":[{"name":"wp","href":"https:\/\/api.w.org\/{rel}","templated":true}]}}